{"id":789,"date":"2016-07-11T11:15:57","date_gmt":"2016-07-11T09:15:57","guid":{"rendered":"https:\/\/natasjavanderwerf.nl\/coaching\/loopbaanbegeleiding\/"},"modified":"2024-09-01T08:45:42","modified_gmt":"2024-09-01T08:45:42","slug":"career-coaching","status":"publish","type":"page","link":"https:\/\/natasjavanderwerf.nl\/en\/coaching\/career-coaching\/","title":{"rendered":"Career Coaching"},"content":{"rendered":"The Careercoaching program is intended for enterprising professionals who want to reflect on their work and life through one-on-one conversations and from there want to determine what an appropriate (new) next step is.\r\n\r\nThe careercoaching trajectory provides clear insight into your unique talents, motivations, wishes, obstacles and challenges and offers clear direction for (new) next steps. You end the process by drawing up a concrete action plan to realize your wishes and goals.\r\n\r\nIn summary, the trajectory results in more self-knowledge and the movement towards work and life that really suits you!\r\n\r\n<strong>Method<\/strong>\r\nThe careercoaching trajectory usually consists of 6 or 8 conversations of 2 hours that take place in my practice in Delft. The conversations take place every 2 to 3 weeks, during which time you actively work on various assignments. Do you want to know more about it? Please feel free to contact me to schedule a no-obligation consultation.\r\n\r\nI am registered as a NOLOC recognized career professional and use the NOLOC code of conduct for all coaching processes. For more information see: NOLOC.\r\n\r\n<!-- \/wp:post-content -->","protected":false},"excerpt":{"rendered":"<p>The Careercoaching program is intended for enterprising professionals who want to reflect on their work and life through one-on-one conversations and from there want to determine what an appropriate (new) next step is. The careercoaching trajectory provides clear insight into your unique talents, motivations, wishes, obstacles and challenges and offers clear direction for (new) next [&hellip;]<\/p>\n","protected":false},"author":1,"featured_media":0,"parent":786,"menu_order":4,"comment_status":"closed","ping_status":"closed","template":"","meta":{"_acf_changed":false,"footnotes":""},"class_list":["post-789","page","type-page","status-publish","hentry"],"acf":[],"yoast_head":"<!-- This site is optimized with the Yoast SEO plugin v27.4 - https:\/\/yoast.com\/product\/yoast-seo-wordpress\/ -->\n<title>Career Coaching - Natasja van der Werf coaching<\/title>\n<meta name=\"description\" content=\"Het traject Loopbaanbegeleiding is bestemd voor ondernemende professionals die zich door middel van \u00e9\u00e9n op \u00e9\u00e9n gesprekken willen bezinnen op hun werk \u00e9n leven en van daaruit willen bepalen wat een passende (nieuwe) vervolgstap is.\" \/>\n<meta name=\"robots\" content=\"index, follow, max-snippet:-1, max-image-preview:large, max-video-preview:-1\" \/>\n<link rel=\"canonical\" href=\"https:\/\/natasjavanderwerf.nl\/en\/coaching\/career-coaching\/\" \/>\n<meta property=\"og:locale\" content=\"en_US\" \/>\n<meta property=\"og:type\" content=\"article\" \/>\n<meta property=\"og:title\" content=\"Career Coaching - Natasja van der Werf coaching\" \/>\n<meta property=\"og:description\" content=\"Het traject Loopbaanbegeleiding is bestemd voor ondernemende professionals die zich door middel van \u00e9\u00e9n op \u00e9\u00e9n gesprekken willen bezinnen op hun werk \u00e9n leven en van daaruit willen bepalen wat een passende (nieuwe) vervolgstap is.\" \/>\n<meta property=\"og:url\" content=\"https:\/\/natasjavanderwerf.nl\/en\/coaching\/career-coaching\/\" \/>\n<meta property=\"og:site_name\" content=\"Natasja van der Werf coaching\" \/>\n<meta property=\"article:modified_time\" content=\"2024-09-01T08:45:42+00:00\" \/>\n<meta name=\"twitter:card\" content=\"summary_large_image\" \/>\n<meta name=\"twitter:label1\" content=\"Est. reading time\" \/>\n\t<meta name=\"twitter:data1\" content=\"1 minute\" \/>\n<script type=\"application\/ld+json\" class=\"yoast-schema-graph\">{\"@context\":\"https:\\\/\\\/schema.org\",\"@graph\":[{\"@type\":\"WebPage\",\"@id\":\"https:\\\/\\\/natasjavanderwerf.nl\\\/en\\\/coaching\\\/career-coaching\\\/\",\"url\":\"https:\\\/\\\/natasjavanderwerf.nl\\\/en\\\/coaching\\\/career-coaching\\\/\",\"name\":\"Career Coaching - Natasja van der Werf coaching\",\"isPartOf\":{\"@id\":\"https:\\\/\\\/natasjavanderwerf.nl\\\/en\\\/#website\"},\"datePublished\":\"2016-07-11T09:15:57+00:00\",\"dateModified\":\"2024-09-01T08:45:42+00:00\",\"description\":\"Het traject Loopbaanbegeleiding is bestemd voor ondernemende professionals die zich door middel van \u00e9\u00e9n op \u00e9\u00e9n gesprekken willen bezinnen op hun werk \u00e9n leven en van daaruit willen bepalen wat een passende (nieuwe) vervolgstap is.\",\"breadcrumb\":{\"@id\":\"https:\\\/\\\/natasjavanderwerf.nl\\\/en\\\/coaching\\\/career-coaching\\\/#breadcrumb\"},\"inLanguage\":\"en-US\",\"potentialAction\":[{\"@type\":\"ReadAction\",\"target\":[\"https:\\\/\\\/natasjavanderwerf.nl\\\/en\\\/coaching\\\/career-coaching\\\/\"]}]},{\"@type\":\"BreadcrumbList\",\"@id\":\"https:\\\/\\\/natasjavanderwerf.nl\\\/en\\\/coaching\\\/career-coaching\\\/#breadcrumb\",\"itemListElement\":[{\"@type\":\"ListItem\",\"position\":1,\"name\":\"Personal Coaching\",\"item\":\"https:\\\/\\\/natasjavanderwerf.nl\\\/en\\\/coaching\\\/\"},{\"@type\":\"ListItem\",\"position\":2,\"name\":\"Career Coaching\"}]},{\"@type\":\"WebSite\",\"@id\":\"https:\\\/\\\/natasjavanderwerf.nl\\\/en\\\/#website\",\"url\":\"https:\\\/\\\/natasjavanderwerf.nl\\\/en\\\/\",\"name\":\"Natasja van der Werf coaching\",\"description\":\"Coaching &amp; training van ondernemende professionals\",\"potentialAction\":[{\"@type\":\"SearchAction\",\"target\":{\"@type\":\"EntryPoint\",\"urlTemplate\":\"https:\\\/\\\/natasjavanderwerf.nl\\\/en\\\/?s={search_term_string}\"},\"query-input\":{\"@type\":\"PropertyValueSpecification\",\"valueRequired\":true,\"valueName\":\"search_term_string\"}}],\"inLanguage\":\"en-US\"}]}<\/script>\n<!-- \/ Yoast SEO plugin. -->","yoast_head_json":{"title":"Career Coaching - Natasja van der Werf coaching","description":"Het traject Loopbaanbegeleiding is bestemd voor ondernemende professionals die zich door middel van \u00e9\u00e9n op \u00e9\u00e9n gesprekken willen bezinnen op hun werk \u00e9n leven en van daaruit willen bepalen wat een passende (nieuwe) vervolgstap is.","robots":{"index":"index","follow":"follow","max-snippet":"max-snippet:-1","max-image-preview":"max-image-preview:large","max-video-preview":"max-video-preview:-1"},"canonical":"https:\/\/natasjavanderwerf.nl\/en\/coaching\/career-coaching\/","og_locale":"en_US","og_type":"article","og_title":"Career Coaching - Natasja van der Werf coaching","og_description":"Het traject Loopbaanbegeleiding is bestemd voor ondernemende professionals die zich door middel van \u00e9\u00e9n op \u00e9\u00e9n gesprekken willen bezinnen op hun werk \u00e9n leven en van daaruit willen bepalen wat een passende (nieuwe) vervolgstap is.","og_url":"https:\/\/natasjavanderwerf.nl\/en\/coaching\/career-coaching\/","og_site_name":"Natasja van der Werf coaching","article_modified_time":"2024-09-01T08:45:42+00:00","twitter_card":"summary_large_image","twitter_misc":{"Est. reading time":"1 minute"},"schema":{"@context":"https:\/\/schema.org","@graph":[{"@type":"WebPage","@id":"https:\/\/natasjavanderwerf.nl\/en\/coaching\/career-coaching\/","url":"https:\/\/natasjavanderwerf.nl\/en\/coaching\/career-coaching\/","name":"Career Coaching - Natasja van der Werf coaching","isPartOf":{"@id":"https:\/\/natasjavanderwerf.nl\/en\/#website"},"datePublished":"2016-07-11T09:15:57+00:00","dateModified":"2024-09-01T08:45:42+00:00","description":"Het traject Loopbaanbegeleiding is bestemd voor ondernemende professionals die zich door middel van \u00e9\u00e9n op \u00e9\u00e9n gesprekken willen bezinnen op hun werk \u00e9n leven en van daaruit willen bepalen wat een passende (nieuwe) vervolgstap is.","breadcrumb":{"@id":"https:\/\/natasjavanderwerf.nl\/en\/coaching\/career-coaching\/#breadcrumb"},"inLanguage":"en-US","potentialAction":[{"@type":"ReadAction","target":["https:\/\/natasjavanderwerf.nl\/en\/coaching\/career-coaching\/"]}]},{"@type":"BreadcrumbList","@id":"https:\/\/natasjavanderwerf.nl\/en\/coaching\/career-coaching\/#breadcrumb","itemListElement":[{"@type":"ListItem","position":1,"name":"Personal Coaching","item":"https:\/\/natasjavanderwerf.nl\/en\/coaching\/"},{"@type":"ListItem","position":2,"name":"Career Coaching"}]},{"@type":"WebSite","@id":"https:\/\/natasjavanderwerf.nl\/en\/#website","url":"https:\/\/natasjavanderwerf.nl\/en\/","name":"Natasja van der Werf coaching","description":"Coaching &amp; training van ondernemende professionals","potentialAction":[{"@type":"SearchAction","target":{"@type":"EntryPoint","urlTemplate":"https:\/\/natasjavanderwerf.nl\/en\/?s={search_term_string}"},"query-input":{"@type":"PropertyValueSpecification","valueRequired":true,"valueName":"search_term_string"}}],"inLanguage":"en-US"}]}},"_links":{"self":[{"href":"https:\/\/natasjavanderwerf.nl\/en\/wp-json\/wp\/v2\/pages\/789","targetHints":{"allow":["GET"]}}],"collection":[{"href":"https:\/\/natasjavanderwerf.nl\/en\/wp-json\/wp\/v2\/pages"}],"about":[{"href":"https:\/\/natasjavanderwerf.nl\/en\/wp-json\/wp\/v2\/types\/page"}],"author":[{"embeddable":true,"href":"https:\/\/natasjavanderwerf.nl\/en\/wp-json\/wp\/v2\/users\/1"}],"replies":[{"embeddable":true,"href":"https:\/\/natasjavanderwerf.nl\/en\/wp-json\/wp\/v2\/comments?post=789"}],"version-history":[{"count":7,"href":"https:\/\/natasjavanderwerf.nl\/en\/wp-json\/wp\/v2\/pages\/789\/revisions"}],"predecessor-version":[{"id":821,"href":"https:\/\/natasjavanderwerf.nl\/en\/wp-json\/wp\/v2\/pages\/789\/revisions\/821"}],"up":[{"embeddable":true,"href":"https:\/\/natasjavanderwerf.nl\/en\/wp-json\/wp\/v2\/pages\/786"}],"wp:attachment":[{"href":"https:\/\/natasjavanderwerf.nl\/en\/wp-json\/wp\/v2\/media?parent=789"}],"curies":[{"name":"wp","href":"https:\/\/api.w.org\/{rel}","templated":true}]}}